{"id":605,"date":"2021-05-11T09:28:53","date_gmt":"2021-05-11T09:28:53","guid":{"rendered":"https:\/\/gadplaconcepcion.gob.ec\/carchi\/home\/"},"modified":"2023-08-14T19:37:36","modified_gmt":"2023-08-14T23:37:36","slug":"home","status":"publish","type":"page","link":"https:\/\/gadplaconcepcion.gob.ec\/carchi\/","title":{"rendered":"GAD Parroquial de La Concepci\u00f3n"},"content":{"rendered":"[vc_row bg_type=\u00bbbg_color\u00bb bg_color_value=\u00bb#f7f7f7&#8243; css=\u00bb.vc_custom_1581547090144{padding-top: 0px !important;padding-bottom: 0px !important;}\u00bb][vc_column css=\u00bb.vc_custom_1529671385255{background-position: center !important;background-repeat: no-repeat !important;background-size: cover !important;}\u00bb][vc_row_inner css=\u00bb.vc_custom_1691668409724{margin-top: -25px !important;background-color: #ffffff !important;}\u00bb][vc_column_inner width=\u00bb1\/2&#8243;][vc_column_text]<img loading=\"lazy\" decoding=\"async\" class=\"size-full wp-image-726 aligncenter\" src=\"https:\/\/gadplaconcepcion.gob.ec\/carchi\/wp-content\/uploads\/2023\/08\/WhatsApp-Image-2023-07-27-at-10.59.02-1.jpeg\" alt=\"\" width=\"445\" height=\"287\" \/>[\/vc_column_text][\/vc_column_inner][vc_column_inner width=\u00bb1\/2&#8243;][vc_empty_space height=\u00bb30px\u00bb][vc_column_text]La Defensor\u00eda del Pueblo, con la finalidad de reconocer a las entidades que se encuentran obligadas a transparentar y garantizar el acceso a la informaci\u00f3n p\u00fablica, nos dio a conocer que el GAD permite contar con la Insignia anual de registro de catastro 2022, que deber\u00e1 ser incorporada en la p\u00e1gina web y las redes sociales. Insignia con la cual se valida que el GAD Parroquial de La Concepci\u00f3n se encuentra registrado en la base de datos del catastro defensorial constante en el aplicativo web \u00abMLOTAIP-Entidades\u00bb[\/vc_column_text][\/vc_column_inner][\/vc_row_inner][vc_row_inner][vc_column_inner]<div id=\"ultimate-heading-584469e21230b611f\" class=\"uvc-heading ult-adjust-bottom-margin ultimate-heading-584469e21230b611f uvc-8964 accent-border-color\" data-hspacer=\"line_only\"  data-halign=\"center\" style=\"text-align:center\"><div class=\"uvc-main-heading ult-responsive\"  data-ultimate-target='.uvc-heading.ultimate-heading-584469e21230b611f h2'  data-responsive-json-new='{\"font-size\":\"desktop:26px;\",\"line-height\":\"desktop:36px;\"}' ><h2 style=\"font-weight:normal;margin-bottom:15px;\">EN LINEA<\/h2><\/div><div class=\"uvc-heading-spacer line_only\" style=\"margin-bottom:60px;height:4px;\"><span class=\"uvc-headings-line\" style=\"border-style:solid;border-bottom-width:4px;border-color:#076130;width:100px;\"><\/span><\/div><\/div>[\/vc_column_inner][\/vc_row_inner][vc_row_inner][vc_column_inner width=\u00bb1\/3&#8243;]<div class=\"ult-just-icon-wrapper  \"><div class=\"align-icon\" style=\"text-align:center;\">\n<div class=\"aio-icon none \" data-animation=\"swing\" data-animation-delay=\"03\" style=\"color:#ea841e;font-size:80px;display:inline-block;\">\n\t<i class=\"Defaults-bar-chart bar-chart-o\"><\/i>\n<\/div><\/div><\/div><div id=\"ultimate-heading-416069e21230b6252\" class=\"uvc-heading ult-adjust-bottom-margin ultimate-heading-416069e21230b6252 uvc-5790 \" data-hspacer=\"no_spacer\"  data-halign=\"center\" style=\"text-align:center\"><div class=\"uvc-heading-spacer no_spacer\" style=\"top\"><\/div><div class=\"uvc-main-heading ult-responsive\"  data-ultimate-target='.uvc-heading.ultimate-heading-416069e21230b6252 h2'  data-responsive-json-new='{\"font-size\":\"desktop:26px;\",\"line-height\":\"desktop:36px;\"}' ><h2 style=\"font-weight:normal;margin-bottom:5px;\">Rendici\u00f3n de Cuentas<\/h2><\/div><div class=\"uvc-sub-heading ult-responsive\"  data-ultimate-target='.uvc-heading.ultimate-heading-416069e21230b6252 .uvc-sub-heading '  data-responsive-json-new='{\"font-size\":\"\",\"line-height\":\"desktop:28px;\"}'  style=\"font-weight:normal;margin-bottom:20px;\">Informe anual sobre los trabajos y gesti\u00f3n realizada.<\/div><\/div><div class=\" ubtn-ctn-center \"><a class=\"ubtn-link ult-adjust-bottom-margin ubtn-center ubtn-normal \" href=\"https:\/\/gadplaconcepcion.gob.ec\/carchi\/rendicion-de-cuentas-2023\/\" title=\"Rendici\u00f3n de Cuentas 2023\" ><button type=\"button\" id=\"ubtn-2763\"  class=\"ubtn ult-adjust-bottom-margin ult-responsive ubtn-normal ubtn-fade-bg  ulta-float  ubtn-center   tooltip-69e21230b6277\"  data-hover=\"\" data-border-color=\"\" data-bg=\"#e0e0e0\" data-hover-bg=\"\" data-border-hover=\"\" data-shadow-hover=\"\" data-shadow-click=\"none\" data-shadow=\"\" data-shd-shadow=\"\"  data-ultimate-target='#ubtn-2763'  data-responsive-json-new='{\"font-size\":\"\",\"line-height\":\"\"}'  style=\"font-weight:normal;border:none;background: #e0e0e0;color: #000000;\"><span class=\"ubtn-hover\" style=\"background-color:\"><\/span><span class=\"ubtn-data ubtn-text \" >Ir a Rendici\u00f3n de Cuentas<\/span><\/button><\/a><\/div>[\/vc_column_inner][vc_column_inner width=\u00bb1\/3&#8243;]<div class=\"ult-just-icon-wrapper  \"><div class=\"align-icon\" style=\"text-align:center;\">\n<div class=\"aio-icon none \" data-animation=\"swing\" data-animation-delay=\"03\" style=\"color:#ea841e;font-size:80px;display:inline-block;\">\n\t<i class=\"Defaults-book\"><\/i>\n<\/div><\/div><\/div><div id=\"ultimate-heading-866669e21230b62c3\" class=\"uvc-heading ult-adjust-bottom-margin ultimate-heading-866669e21230b62c3 uvc-3237 \" data-hspacer=\"no_spacer\"  data-halign=\"center\" style=\"text-align:center\"><div class=\"uvc-heading-spacer no_spacer\" style=\"top\"><\/div><div class=\"uvc-main-heading ult-responsive\"  data-ultimate-target='.uvc-heading.ultimate-heading-866669e21230b62c3 h2'  data-responsive-json-new='{\"font-size\":\"desktop:26px;\",\"line-height\":\"desktop:36px;\"}' ><h2 style=\"font-weight:normal;margin-bottom:5px;\">PDOT<\/h2><\/div><div class=\"uvc-sub-heading ult-responsive\"  data-ultimate-target='.uvc-heading.ultimate-heading-866669e21230b62c3 .uvc-sub-heading '  data-responsive-json-new='{\"font-size\":\"\",\"line-height\":\"desktop:28px;\"}'  style=\"font-weight:normal;margin-bottom:20px;\">Descargar el documento del Plan de ordenamiento Territorial.<\/div><\/div><div class=\" ubtn-ctn-center \"><button type=\"button\" id=\"ubtn-8716\"  class=\"ubtn ult-adjust-bottom-margin ult-responsive ubtn-normal ubtn-fade-bg  ulta-float  ubtn-center   tooltip-69e21230b62dc\"  data-hover=\"\" data-border-color=\"\" data-bg=\"#e0e0e0\" data-hover-bg=\"\" data-border-hover=\"\" data-shadow-hover=\"\" data-shadow-click=\"none\" data-shadow=\"\" data-shd-shadow=\"\"  data-ultimate-target='#ubtn-8716'  data-responsive-json-new='{\"font-size\":\"\",\"line-height\":\"\"}'  style=\"font-weight:normal;border:none;background: #e0e0e0;color: #000000;\"><span class=\"ubtn-hover\" style=\"background-color:\"><\/span><span class=\"ubtn-data ubtn-text \" >Descargar<\/span><\/button><\/div>[\/vc_column_inner][vc_column_inner width=\u00bb1\/3&#8243;]<div class=\"ult-just-icon-wrapper  \"><div class=\"align-icon\" style=\"text-align:center;\">\n<div class=\"aio-icon none \" data-animation=\"swing\" data-animation-delay=\"03\" style=\"color:#ea841e;font-size:80px;display:inline-block;\">\n\t<i class=\"Defaults-camera\"><\/i>\n<\/div><\/div><\/div><div id=\"ultimate-heading-302669e21230b630f\" class=\"uvc-heading ult-adjust-bottom-margin ultimate-heading-302669e21230b630f uvc-2023 \" data-hspacer=\"no_spacer\"  data-halign=\"center\" style=\"text-align:center\"><div class=\"uvc-heading-spacer no_spacer\" style=\"top\"><\/div><div class=\"uvc-main-heading ult-responsive\"  data-ultimate-target='.uvc-heading.ultimate-heading-302669e21230b630f h2'  data-responsive-json-new='{\"font-size\":\"desktop:26px;\",\"line-height\":\"desktop:36px;\"}' ><h2 style=\"font-weight:normal;margin-bottom:5px;\">Sitios Tur\u00edsticos<\/h2><\/div><div class=\"uvc-sub-heading ult-responsive\"  data-ultimate-target='.uvc-heading.ultimate-heading-302669e21230b630f .uvc-sub-heading '  data-responsive-json-new='{\"font-size\":\"\",\"line-height\":\"desktop:28px;\"}'  style=\"font-weight:normal;margin-bottom:20px;\">Conozca los atractivos tur\u00edsticos de nuestra parroquia.<\/div><\/div><div class=\" ubtn-ctn-center \"><a class=\"ubtn-link ult-adjust-bottom-margin ubtn-center ubtn-normal \" href=\"https:\/\/gadplaconcepcion.gob.ec\/carchi\/atractivos-turisticos\/\" title=\"Atractivos Tur\u00edsticos\" target=\"_blank\" rel=\"noopener\" ><button type=\"button\" id=\"ubtn-9010\"  class=\"ubtn ult-adjust-bottom-margin ult-responsive ubtn-normal ubtn-fade-bg  ulta-float  ubtn-center   tooltip-69e21230b6326\"  data-hover=\"\" data-border-color=\"\" data-bg=\"#e0e0e0\" data-hover-bg=\"\" data-border-hover=\"\" data-shadow-hover=\"\" data-shadow-click=\"none\" data-shadow=\"\" data-shd-shadow=\"\"  data-ultimate-target='#ubtn-9010'  data-responsive-json-new='{\"font-size\":\"\",\"line-height\":\"\"}'  style=\"font-weight:normal;border:none;background: #e0e0e0;color: #000000;\"><span class=\"ubtn-hover\" style=\"background-color:\"><\/span><span class=\"ubtn-data ubtn-text \" >Ir a Turismo<\/span><\/button><\/a><\/div>[\/vc_column_inner][\/vc_row_inner][vc_column_inner][\/vc_column_inner][\/vc_column][\/vc_row][vc_row bg_type=\u00bbimage\u00bb parallax_style=\u00bbvcpb-vz-jquery\u00bb bg_image_new=\u00bbid^625|url^https:\/\/gadplaconcepcion.gob.ec\/carchi\/wp-content\/uploads\/2023\/08\/249169859_361335265761071_8559757428201243938_n.jpg|caption^null|alt^null|title^249169859_361335265761071_8559757428201243938_n|description^null\u00bb enable_overlay=\u00bbenable_overlay_value\u00bb overlay_color=\u00bbrgba(0,0,0,0.21)\u00bb css=\u00bb.vc_custom_1692055524749{padding-top: 100px !important;padding-bottom: 100px !important;}\u00bb][vc_column]<div id=\"ultimate-heading-175869e21230b6351\" class=\"uvc-heading ult-adjust-bottom-margin ultimate-heading-175869e21230b6351 uvc-4719 accent-border-color\" data-hspacer=\"line_only\"  data-halign=\"center\" style=\"text-align:center\"><div class=\"uvc-main-heading ult-responsive\"  data-ultimate-target='.uvc-heading.ultimate-heading-175869e21230b6351 h2'  data-responsive-json-new='{\"font-size\":\"desktop:40px;\",\"line-height\":\"desktop:50px;\"}' ><h2 style=\"font-weight:normal;color:#ffffff;margin-bottom:15px;\">Festividades en La Concepci\u00f3n<\/h2><\/div><div class=\"uvc-heading-spacer line_only\" style=\"margin-bottom:60px;height:4px;\"><span class=\"uvc-headings-line\" style=\"border-style:solid;border-bottom-width:4px;border-color:#076130;width:100px;\"><\/span><\/div><\/div><div class=\" ubtn-ctn-center \"><a class=\"ubtn-link ult-adjust-bottom-margin ubtn-center ubtn-normal \" href=\"https:\/\/gadplaconcepcion.gob.ec\/carchi\/festividades\/\" title=\"Festividades\" ><button type=\"button\" id=\"ubtn-4029\"  class=\"ubtn ult-adjust-bottom-margin ult-responsive ubtn-normal ubtn-fade-bg  ulta-pulse-grow  ubtn-center   tooltip-69e21230b6379\"  data-hover=\"\" data-border-color=\"#dd9933\" data-bg=\"#e0e0e0\" data-hover-bg=\"\" data-border-hover=\"\" data-shadow-hover=\"\" data-shadow-click=\"none\" data-shadow=\"\" data-shd-shadow=\"\"  data-ultimate-target='#ubtn-4029'  data-responsive-json-new='{\"font-size\":\"\",\"line-height\":\"\"}'  style=\"font-weight:normal;border-radius:3px;border-width:1px;border-color:#dd9933;border-style:solid;background: #e0e0e0;color: #000000;\"><span class=\"ubtn-hover\" style=\"background-color:\"><\/span><span class=\"ubtn-data ubtn-text \" >Ver Festividades<\/span><\/button><\/a><\/div>[\/vc_column][\/vc_row][vc_row][vc_column]<div id=\"ultimate-heading-164769e21230b63a2\" class=\"uvc-heading ult-adjust-bottom-margin ultimate-heading-164769e21230b63a2 uvc-6350 accent-border-color\" data-hspacer=\"line_only\"  data-halign=\"center\" style=\"text-align:center\"><div class=\"uvc-main-heading ult-responsive\"  data-ultimate-target='.uvc-heading.ultimate-heading-164769e21230b63a2 h2'  data-responsive-json-new='{\"font-size\":\"desktop:26px;\",\"line-height\":\"desktop:36px;\"}' ><h2 style=\"font-weight:normal;margin-bottom:15px;\">Mensaje del Se\u00f1or Presidente<\/h2><\/div><div class=\"uvc-heading-spacer line_only\" style=\"margin-bottom:60px;height:4px;\"><span class=\"uvc-headings-line\" style=\"border-style:solid;border-bottom-width:4px;border-color:#076130;width:100px;\"><\/span><\/div><\/div>[vc_row_inner][vc_column_inner width=\u00bb1\/2&#8243;][vc_single_image image=\u00bb779&#8243; img_size=\u00bb300&#215;400&#8243; alignment=\u00bbcenter\u00bb css_animation=\u00bbfadeInLeft\u00bb]<div id=\"ultimate-heading-930869e21230b63b7\" class=\"uvc-heading ult-adjust-bottom-margin ultimate-heading-930869e21230b63b7 uvc-1676 \" data-hspacer=\"no_spacer\"  data-halign=\"center\" style=\"text-align:center\"><div class=\"uvc-heading-spacer no_spacer\" style=\"top\"><\/div><div class=\"uvc-main-heading ult-responsive\"  data-ultimate-target='.uvc-heading.ultimate-heading-930869e21230b63b7 h2'  data-responsive-json-new='{\"font-size\":\"desktop:26px;\",\"line-height\":\"desktop:36px;\"}' ><h2 style=\"font-weight:normal;margin-bottom:5px;\">Sr. Danny Alfredo Valdivieso Borja<\/h2><\/div><div class=\"uvc-sub-heading ult-responsive\"  data-ultimate-target='.uvc-heading.ultimate-heading-930869e21230b63b7 .uvc-sub-heading '  data-responsive-json-new='{\"font-size\":\"\",\"line-height\":\"desktop:28px;\"}'  style=\"font-weight:normal;margin-bottom:20px;\">\n<p style=\"text-align: center;\"><em>Presidente parroquial<\/em><\/p>\n<\/div><\/div>[\/vc_column_inner][vc_column_inner width=\u00bb1\/2&#8243;][vc_empty_space height=\u00bb42px\u00bb][vc_column_text]\n<blockquote><p>Saludo del sr. Presidente<\/p><\/blockquote>\n[\/vc_column_text][\/vc_column_inner][\/vc_row_inner][\/vc_column][\/vc_row]\n","protected":false},"excerpt":{"rendered":"<p>[vc_row bg_type=\u00bbbg_color\u00bb bg_color_value=\u00bb#f7f7f7&#8243; css=\u00bb.vc_custom_1581547090144{padding-top: 0px !important;padding-bottom: 0px !important;}\u00bb][vc_column css=\u00bb.vc_custom_1529671385255{background-position: center !important;background-repeat: no-repeat !important;background-size: cover !important;}\u00bb][vc_row_inner css=\u00bb.vc_custom_1691668409724{margin-top: -25px !important;background-color: #ffffff !important;}\u00bb][vc_column_inner width=\u00bb1\/2&#8243;][vc_column_text][\/vc_column_text][\/vc_column_inner][vc_column_inner width=\u00bb1\/2&#8243;][vc_empty_space height=\u00bb30px\u00bb][vc_column_text]La Defensor\u00eda del Pueblo, con la finalidad de reconocer a las entidades que se encuentran obligadas a transparentar y garantizar el acceso a la informaci\u00f3n p\u00fablica, nos dio a conocer que el GAD [&hellip;]<\/p>\n","protected":false},"author":4,"featured_media":0,"parent":0,"menu_order":0,"comment_status":"closed","ping_status":"closed","template":"","meta":{"footnotes":""},"yst_prominent_words":[15,13],"class_list":["post-605","page","type-page","status-publish","hentry"],"_links":{"self":[{"href":"https:\/\/gadplaconcepcion.gob.ec\/carchi\/wp-json\/wp\/v2\/pages\/605","targetHints":{"allow":["GET"]}}],"collection":[{"href":"https:\/\/gadplaconcepcion.gob.ec\/carchi\/wp-json\/wp\/v2\/pages"}],"about":[{"href":"https:\/\/gadplaconcepcion.gob.ec\/carchi\/wp-json\/wp\/v2\/types\/page"}],"author":[{"embeddable":true,"href":"https:\/\/gadplaconcepcion.gob.ec\/carchi\/wp-json\/wp\/v2\/users\/4"}],"replies":[{"embeddable":true,"href":"https:\/\/gadplaconcepcion.gob.ec\/carchi\/wp-json\/wp\/v2\/comments?post=605"}],"version-history":[{"count":31,"href":"https:\/\/gadplaconcepcion.gob.ec\/carchi\/wp-json\/wp\/v2\/pages\/605\/revisions"}],"predecessor-version":[{"id":789,"href":"https:\/\/gadplaconcepcion.gob.ec\/carchi\/wp-json\/wp\/v2\/pages\/605\/revisions\/789"}],"wp:attachment":[{"href":"https:\/\/gadplaconcepcion.gob.ec\/carchi\/wp-json\/wp\/v2\/media?parent=605"}],"wp:term":[{"taxonomy":"yst_prominent_words","embeddable":true,"href":"https:\/\/gadplaconcepcion.gob.ec\/carchi\/wp-json\/wp\/v2\/yst_prominent_words?post=605"}],"curies":[{"name":"wp","href":"https:\/\/api.w.org\/{rel}","templated":true}]}}